{"id":233095,"date":"2022-03-10T12:42:30","date_gmt":"2022-03-10T11:42:30","guid":{"rendered":"https:\/\/www.gasthof-braeuer.at\/arrival\/"},"modified":"2022-03-14T10:28:39","modified_gmt":"2022-03-14T09:28:39","slug":"arrival","status":"publish","type":"page","link":"https:\/\/www.gasthof-braeuer.at\/en\/arrival\/","title":{"rendered":"Arrival"},"content":{"rendered":"<p>[et_pb_section fb_built=&#8221;1&#8243; fullwidth=&#8221;on&#8221; _builder_version=&#8221;4.14.8&#8243; _module_preset=&#8221;default&#8221; background_color=&#8221;#F0EADB&#8221; use_background_color_gradient=&#8221;on&#8221; background_color_gradient_start=&#8221;rgba(255,255,255,0)&#8221; background_color_gradient_end=&#8221;rgba(255,255,255,0)&#8221; background_color_gradient_direction=&#8221;200deg&#8221; background_color_gradient_start_position=&#8221;35%&#8221; background_enable_image=&#8221;off&#8221; bottom_divider_color=&#8221;#302682&#8243; global_colors_info=&#8221;{}&#8221;][et_pb_fullwidth_header _builder_version=&#8221;4.14.8&#8243; _module_preset=&#8221;default&#8221; title_font=&#8221;Raleway|300||on|||||&#8221; title_text_align=&#8221;left&#8221; title_font_size=&#8221;60px&#8221; title_letter_spacing=&#8221;4px&#8221; subhead_font=&#8221;Raleway|700|on||||||&#8221; subhead_font_size=&#8221;20px&#8221; subhead_letter_spacing=&#8221;1px&#8221; background_color=&#8221;#F0EADB&#8221; use_background_color_gradient=&#8221;on&#8221; background_color_gradient_start=&#8221;rgba(0,0,0,0)&#8221; background_color_gradient_end=&#8221;rgba(0,0,0,0)&#8221; background_color_gradient_type=&#8221;radial&#8221; background_color_gradient_direction_radial=&#8221;bottom left&#8221; background_image=&#8221;https:\/\/www.gasthof-braeuer.at\/wp-content\/uploads\/2022\/03\/Parkplatz.jpg&#8221; custom_padding=&#8221;16%||16%||true|false&#8221; animation_style=&#8221;zoom&#8221; animation_duration=&#8221;1500ms&#8221; animation_intensity_zoom=&#8221;4%&#8221; title_font_size_tablet=&#8221;40px&#8221; title_font_size_phone=&#8221;30px&#8221; title_font_size_last_edited=&#8221;on|phone&#8221; title_text_shadow_style=&#8221;preset5&#8243; subhead_text_shadow_style=&#8221;preset5&#8243; subhead_text_shadow_color=&#8221;#000000&#8243; global_colors_info=&#8221;{}&#8221;][\/et_pb_fullwidth_header][\/et_pb_section][et_pb_section fb_built=&#8221;1&#8243; _builder_version=&#8221;4.12.0&#8243; _module_preset=&#8221;default&#8221; background_color=&#8221;#F0EADB&#8221; custom_padding=&#8221;||4px|||&#8221; global_colors_info=&#8221;{}&#8221;][et_pb_row _builder_version=&#8221;4.6.4&#8243; _module_preset=&#8221;default&#8221; global_colors_info=&#8221;{}&#8221;][et_pb_column type=&#8221;4_4&#8243; _builder_version=&#8221;4.6.4&#8243; _module_preset=&#8221;default&#8221; global_colors_info=&#8221;{}&#8221;][et_pb_text _builder_version=&#8221;4.14.8&#8243; _module_preset=&#8221;default&#8221; header_font=&#8221;Allura||||||||&#8221; header_text_color=&#8221;#852E2C&#8221; header_font_size=&#8221;45px&#8221; header_letter_spacing=&#8221;1px&#8221; hover_enabled=&#8221;0&#8243; header_font_size_tablet=&#8221;40px&#8221; header_font_size_phone=&#8221;33px&#8221; header_font_size_last_edited=&#8221;on|phone&#8221; global_colors_info=&#8221;{}&#8221; sticky_enabled=&#8221;0&#8243;]<\/p>\n<h1 style=\"text-align: center;\">The goal: Stubalpenstra\u00dfe 3 &#8211; A-8741 Wei\u00dfkirchen<\/h1>\n<p>[\/et_pb_text][et_pb_text _builder_version=&#8221;4.14.8&#8243; _module_preset=&#8221;default&#8221; header_2_text_color=&#8221;#852E2C&#8221; header_2_font_size=&#8221;35px&#8221; header_2_font_size_tablet=&#8221;30px&#8221; header_2_font_size_phone=&#8221;30px&#8221; header_2_font_size_last_edited=&#8221;on|phone&#8221; global_colors_info=&#8221;{}&#8221;]<\/p>\n<p>The Br\u00e4uer guesthouse is located in the centre of Wei\u00dfkirchen nearby the Unimarket.<\/p>\n<p>Calculate Route &#8211; N 47\u00b0 09&#8242; 15,92&#8243; E 14\u00b0 44&#8242; 23,40&#8243;<\/p>\n<p>Please click on the red arrow under the map to get a precise route map.<\/p>\n<p>&nbsp;<\/p>\n<p>[\/et_pb_text][\/et_pb_column][\/et_pb_row][\/et_pb_section][et_pb_section fb_built=&#8221;1&#8243; fullwidth=&#8221;on&#8221; _builder_version=&#8221;4.14.8&#8243; _module_preset=&#8221;default&#8221; global_colors_info=&#8221;{}&#8221;][et_pb_fullwidth_map address=&#8221;Stubalpenstra\u00dfe 3, 8741 Wei\u00dfkirchen in der Steiermark, \u00d6sterreich&#8221; zoom_level=&#8221;15&#8243; address_lat=&#8221;47.1545995&#8243; address_lng=&#8221;14.7399559&#8243; mouse_wheel=&#8221;off&#8221; _builder_version=&#8221;4.14.8&#8243; _module_preset=&#8221;default&#8221; child_filter_saturate=&#8221;49%&#8221; global_colors_info=&#8221;{}&#8221;][et_pb_map_pin title=&#8221;Br\u00e4uer guesthouse&#8221; pin_address=&#8221;Stubalpenstra\u00dfe 3, 8741 Wei\u00dfkirchen in der Steiermark, \u00d6sterreich&#8221; pin_address_lat=&#8221;47.1545995&#8243; pin_address_lng=&#8221;14.7399559&#8243; _builder_version=&#8221;4.14.8&#8243; _module_preset=&#8221;default&#8221; global_colors_info=&#8221;{}&#8221;]<\/p>\n<p>Stubalpenstra\u00dfe 3 | A &#8211; 8741 Wei\u00dfkirchen<br \/><a href=\"https:\/\/www.google.at\/maps\/dir\/\/Stubalpenstra%C3%9Fe+3,+8741+Wei%C3%9Fkirchen+in+der+Steiermark\/@47.1546525,14.7049366,13z\/data=!4m8!4m7!1m0!1m5!1m1!1s0x4771cc9aa0c03eed:0x36b2df99b62926a8!2m2!1d14.7399559!2d47.1545995\" target=\"_blank\" rel=\"noopener\"><strong>to the route planner<\/strong><\/a><\/p>\n<p>[\/et_pb_map_pin][\/et_pb_fullwidth_map][\/et_pb_section]<\/p>\n","protected":false},"excerpt":{"rendered":"<p>The goal: Stubalpenstra\u00dfe 3 &#8211; A-8741 Wei\u00dfkirchenThe Br\u00e4uer guesthouse is located in the centre of Wei\u00dfkirchen nearby the Unimarket. Calculate Route &#8211; N 47\u00b0 09&#8242; 15,92&#8243; E 14\u00b0 44&#8242; 23,40&#8243; Please click on the red arrow under the map to get a precise route map. &nbsp;Stubalpenstra\u00dfe 3 | A &#8211; 8741 Wei\u00dfkirchento the route planner<\/p>\n","protected":false},"author":2,"featured_media":0,"parent":0,"menu_order":10,"comment_status":"closed","ping_status":"closed","template":"","meta":{"_et_pb_use_builder":"on","_et_pb_old_content":"","_et_gb_content_width":"","_expiration-date-status":"","_expiration-date":0,"_expiration-date-type":"","_expiration-date-categories":[],"_expiration-date-options":[]},"_links":{"self":[{"href":"https:\/\/www.gasthof-braeuer.at\/en\/wp-json\/wp\/v2\/pages\/233095"}],"collection":[{"href":"https:\/\/www.gasthof-braeuer.at\/en\/wp-json\/wp\/v2\/pages"}],"about":[{"href":"https:\/\/www.gasthof-braeuer.at\/en\/wp-json\/wp\/v2\/types\/page"}],"author":[{"embeddable":true,"href":"https:\/\/www.gasthof-braeuer.at\/en\/wp-json\/wp\/v2\/users\/2"}],"replies":[{"embeddable":true,"href":"https:\/\/www.gasthof-braeuer.at\/en\/wp-json\/wp\/v2\/comments?post=233095"}],"version-history":[{"count":5,"href":"https:\/\/www.gasthof-braeuer.at\/en\/wp-json\/wp\/v2\/pages\/233095\/revisions"}],"predecessor-version":[{"id":233226,"href":"https:\/\/www.gasthof-braeuer.at\/en\/wp-json\/wp\/v2\/pages\/233095\/revisions\/233226"}],"wp:attachment":[{"href":"https:\/\/www.gasthof-braeuer.at\/en\/wp-json\/wp\/v2\/media?parent=233095"}],"curies":[{"name":"wp","href":"https:\/\/api.w.org\/{rel}","templated":true}]}}